{"id":1274,"date":"2025-10-10T09:52:30","date_gmt":"2025-10-10T07:52:30","guid":{"rendered":"https:\/\/www.cqmplus.com\/?page_id=1274"},"modified":"2026-01-20T11:23:27","modified_gmt":"2026-01-20T10:23:27","slug":"notre-savoir-faire","status":"publish","type":"page","link":"https:\/\/www.cqmplus.com\/index.php\/notre-savoir-faire\/","title":{"rendered":"Notre savoir faire"},"content":{"rendered":"\t\t<div data-elementor-type=\"wp-page\" data-elementor-id=\"1274\" class=\"elementor elementor-1274\" data-elementor-post-type=\"page\">\n\t\t\t\t\t\t<section class=\"elementor-section elementor-top-section elementor-element elementor-element-4955a7cb elementor-section-full_width elementor-section-height-default elementor-section-height-default\" data-id=\"4955a7cb\" data-element_type=\"section\">\n\t\t\t\t\t\t<div class=\"elementor-container elementor-column-gap-default\">\n\t\t\t\t\t<div class=\"elementor-column elementor-col-100 elementor-top-column elementor-element elementor-element-3be3596f\" data-id=\"3be3596f\" data-element_type=\"column\">\n\t\t\t<div class=\"elementor-widget-wrap elementor-element-populated\">\n\t\t\t\t\t\t<div class=\"elementor-element elementor-element-3a7a33cd elementor-widget elementor-widget-html\" data-id=\"3a7a33cd\" data-element_type=\"widget\" data-widget_type=\"html.default\">\n\t\t\t\t\t<!doctype html>\r\n<html lang=\"fr\">\r\n<head>\r\n<meta charset=\"utf-8\">\r\n<meta name=\"viewport\" content=\"width=device-width,initial-scale=1\">\r\n<title>Cartes recto\/verso sans flip<\/title>\r\n\r\n<link href=\"https:\/\/fonts.googleapis.com\/css2?family=Montserrat:wght@700&display=swap\" rel=\"stylesheet\">\r\n\r\n<style>\r\n  body{\r\n    margin:0;\r\n    background:#FFFFFF;\r\n    font-family:\"Montserrat\",sans-serif;\r\n  }\r\n\r\n  .cards{\r\n    display:flex;\r\n    justify-content:center;\r\n    flex-wrap:wrap;\r\n    padding:0;\r\n  }\r\n\r\n  .card{\r\n    position:relative;\r\n    width:420px;\r\n    height:420px;\r\n    overflow:hidden;\r\n    cursor:pointer;\r\n  }\r\n\r\n  .face{\r\n    position:absolute;\r\n    inset:0;\r\n    background-size:cover;\r\n    background-position:center;\r\n    display:flex;\r\n    flex-direction:column;\r\n    justify-content:center;\r\n    align-items:center;\r\n    padding:30px;\r\n    transition:opacity .4s ease;\r\n  }\r\n\r\n  .face::before{\r\n    content:\"\";\r\n    position:absolute;\r\n    inset:0;\r\n    background:rgba(0,0,0,0.35);\r\n    z-index:0;\r\n  }\r\n\r\n  .front{ z-index:2; opacity:1; }\r\n  .back{ z-index:1; opacity:0; }\r\n  .card:hover .front{ opacity:0; }\r\n  .card:hover .back{ opacity:1; z-index:3; }\r\n\r\n  \/* Titres *\/\r\n  .face h3{\r\n    position:relative;\r\n    font-size:22px;\r\n    margin-bottom:20px;\r\n    z-index:2;\r\n    background:rgba(255,255,255,0.75);\r\n    color:#134A80;\r\n    padding:10px 26px;\r\n    transition:.3s;\r\n  }\r\n\r\n  .face h3 a{\r\n    text-decoration:none;\r\n    color:#134A80;\r\n  }\r\n\r\n  .face h3:hover{\r\n    background:rgba(255,255,255,0.9);\r\n    color:#0d3a65;\r\n  }\r\n\r\n  .back p{\r\n    position:relative;\r\n    color:#fff;\r\n    font-size:14px;\r\n    line-height:1.5em;\r\n    max-width:80%;\r\n    text-align:center;\r\n    z-index:3; \/* \u2705 plus haut que l\u2019overlay *\/\r\n    margin:0 0 15px;\r\n  }\r\n\r\n  \/* Bouton *\/\r\n  .btn{\r\n    position:relative;\r\n    display:inline-block;\r\n    margin-top:10px;\r\n    font-size:14px;\r\n    color:#fff;\r\n    border-bottom:2px solid currentColor;\r\n    padding-bottom:4px;\r\n    transition:.3s;\r\n    z-index:2;\r\n    text-decoration:none;\r\n  }\r\n\r\n  .btn:hover{\r\n    color:#134A80;\r\n    border-color:#134A80;\r\n  }\r\n\r\n  \/* Liens du verso M\u00e9trologie *\/\r\n  .metrologie-link{\r\n    color:#fff;\r\n    text-decoration:underline;\r\n    transition:color .3s;\r\n  }\r\n  .metrologie-link:hover{\r\n    color:#134A80;\r\n  }\r\n\r\n  \/* Lien global sur image et titre *\/\r\n  .link-overlay{\r\n    position:absolute;\r\n    inset:0;\r\n    z-index:1; \/* \u2705 sous le texte et les liens *\/\r\n  }\r\n\r\n  .link-overlay:hover{\r\n    background:rgba(0,0,0,0.02);\r\n  }\r\n<\/style>\r\n<\/head>\r\n<body>\r\n\r\n<div class=\"cards\">\r\n\r\n  <!-- M\u00c9TROLOGIE -->\r\n  <div class=\"card\">\r\n    <div class=\"face front\" style=\"background-image:url('https:\/\/www.cqmplus.com\/wp-content\/uploads\/NSF-Accueil-Metrologie.jpg')\">\r\n      <a href=\"https:\/\/www.cqmplus.com\/index.php\/metrologie\" class=\"link-overlay\"><\/a>\r\n      <h3><a href=\"https:\/\/www.cqmplus.com\/index.php\/metrologie\">M\u00e9trologie<\/a><\/h3>\r\n      <a class=\"btn\" href=\"https:\/\/www.cqmplus.com\/index.php\/metrologie\">En savoir +<\/a>\r\n    <\/div>\r\n\r\n    <div class=\"face back\" style=\"background-image:url('https:\/\/www.cqmplus.com\/wp-content\/uploads\/NSF-Accueil-Metrologie.jpg')\">\r\n      <a href=\"https:\/\/www.cqmplus.com\/index.php\/metrologie\" class=\"link-overlay\"><\/a>\r\n      <h3><a href=\"https:\/\/www.cqmplus.com\/index.php\/metrologie\">M\u00e9trologie<\/a><\/h3>\r\n\r\n      <!-- \u2705 liens cliquables au-dessus du voile -->\r\n      <p>\r\n        <a href=\"https:\/\/www.cqmplus.com\/index.php\/metrologies-temperature\/\" class=\"metrologie-link\" target=\"_blank\">Temp\u00e9rature<\/a> \u2013\r\n        <a href=\"https:\/\/www.cqmplus.com\/index.php\/metrologies-cara-enceinte\/\" class=\"metrologie-link\" target=\"_blank\">Caract\u00e9risation d\u2019enceintes<\/a> \u2013\r\n        <a href=\"https:\/\/www.cqmplus.com\/index.php\/metrologie-courant-tension\/\" class=\"metrologie-link\" target=\"_blank\">Courant\/tension<\/a> \u2013\r\n        <a href=\"https:\/\/www.cqmplus.com\/index.php\/metrologies-debimetrie\/\" class=\"metrologie-link\" target=\"_blank\">D\u00e9bitm\u00e8tre<\/a> \u2013\r\n        <a href=\"https:\/\/www.cqmplus.com\/index.php\/metrologies-pression\/\" class=\"metrologie-link\" target=\"_blank\">Pression<\/a> \u2013\r\n        <a href=\"https:\/\/www.cqmplus.com\/index.php\/metrologie-autre\/\" class=\"metrologie-link\" target=\"_blank\">Autres<\/a>\r\n      <\/p>\r\n\r\n      <a class=\"btn\" href=\"https:\/\/www.cqmplus.com\/index.php\/metrologie\">En savoir +<\/a>\r\n    <\/div>\r\n  <\/div>\r\n\r\n  <!-- FORMATION -->\r\n  <div class=\"card\">\r\n    <div class=\"face front\" style=\"background-image:url('https:\/\/www.cqmplus.com\/wp-content\/uploads\/Gemini_Generated_Image_fvft27fvft27fvft.png')\">\r\n      <a href=\"https:\/\/www.cqmplus.com\/index.php\/formations\/\" class=\"link-overlay\"><\/a>\r\n      <h3><a href=\"https:\/\/www.cqmplus.com\/index.php\/formations\/\">Formation<\/a><\/h3>\r\n      <a class=\"btn\" href=\"https:\/\/www.cqmplus.com\/index.php\/formations\/\">En savoir +<\/a>\r\n    <\/div>\r\n\r\n    <div class=\"face back\" style=\"background-image:url('https:\/\/www.cqmplus.com\/wp-content\/uploads\/Gemini_Generated_Image_fvft27fvft27fvft.png')\">\r\n      <a href=\"https:\/\/www.cqmplus.com\/index.php\/formations\/\" class=\"link-overlay\"><\/a>\r\n      <h3><a href=\"https:\/\/www.cqmplus.com\/index.php\/formations\/\">Formation<\/a><\/h3>\r\n      <p>Formations M\u00e9trologie et Qualit\u00e9 adapt\u00e9es \u00e0 vos besoins<\/p>\r\n      <a class=\"btn\" href=\"https:\/\/www.cqmplus.com\/index.php\/formations\/\">En savoir +<\/a>\r\n    <\/div>\r\n  <\/div>\r\n\r\n  <!-- QUALIT\u00c9 -->\r\n  <div class=\"card\">\r\n    <div class=\"face front\" style=\"background-image:url('https:\/\/www.cqmplus.com\/wp-content\/uploads\/NSF-Qualite-scaled.jpeg')\">\r\n      <a href=\"https:\/\/www.cqmplus.com\/index.php\/qualite\/\" class=\"link-overlay\"><\/a>\r\n      <h3><a href=\"https:\/\/www.cqmplus.com\/index.php\/qualite\/\">Qualit\u00e9<\/a><\/h3>\r\n      <a class=\"btn\" href=\"https:\/\/www.cqmplus.com\/index.php\/qualite\/\">En savoir +<\/a>\r\n    <\/div>\r\n\r\n    <div class=\"face back\" style=\"background-image:url('https:\/\/www.cqmplus.com\/wp-content\/uploads\/NSF-Qualite-scaled.jpeg')\">\r\n      <a href=\"https:\/\/www.cqmplus.com\/index.php\/qualite\/\" class=\"link-overlay\"><\/a>\r\n      <h3><a href=\"https:\/\/www.cqmplus.com\/index.php\/qualite\/\">Qualit\u00e9<\/a><\/h3>\r\n      <p>Accompagnement \u2013 Audit \u2013 Cr\u00e9ation documentation sp\u00e9cifique<\/p>\r\n      <a class=\"btn\" href=\"https:\/\/www.cqmplus.com\/index.php\/qualite\/\">En savoir +<\/a>\r\n    <\/div>\r\n  <\/div>\r\n\r\n<\/div>\r\n\r\n<\/body>\r\n<\/html>\r\n\t\t\t\t<\/div>\n\t\t\t\t<div class=\"elementor-element elementor-element-8dce780 elementor-align-center elementor-widget elementor-widget-button\" data-id=\"8dce780\" data-element_type=\"widget\" data-widget_type=\"button.default\">\n\t\t\t\t\t\t\t\t\t\t<a class=\"elementor-button elementor-button-link elementor-size-sm\" href=\"https:\/\/www.cqmplus.com\/wp-content\/uploads\/CGV-CQM-1.pdf\" target=\"_blank\">\n\t\t\t\t\t\t<span class=\"elementor-button-content-wrapper\">\n\t\t\t\t\t\t\t\t\t<span class=\"elementor-button-text\">T\u00e9l\u00e9chargez nos CGV<\/span>\n\t\t\t\t\t<\/span>\n\t\t\t\t\t<\/a>\n\t\t\t\t\t\t\t\t<\/div>\n\t\t\t\t\t<\/div>\n\t\t<\/div>\n\t\t\t\t\t<\/div>\n\t\t<\/section>\n\t\t\t\t<section class=\"elementor-section elementor-top-section elementor-element elementor-element-78a2a55f elementor-section-boxed elementor-section-height-default elementor-section-height-default\" data-id=\"78a2a55f\" data-element_type=\"section\">\n\t\t\t\t\t\t<div class=\"elementor-container elementor-column-gap-default\">\n\t\t\t\t\t<div class=\"elementor-column elementor-col-50 elementor-top-column elementor-element elementor-element-67cb28c2\" data-id=\"67cb28c2\" data-element_type=\"column\">\n\t\t\t<div class=\"elementor-widget-wrap elementor-element-populated\">\n\t\t\t\t\t\t<div class=\"elementor-element elementor-element-12088b8e elementor-widget elementor-widget-heading\" data-id=\"12088b8e\" data-element_type=\"widget\" data-widget_type=\"heading.default\">\n\t\t\t\t\t<h2 class=\"elementor-heading-title elementor-size-default\">Besoin d\u2019un renseignement ?<\/h2>\t\t\t\t<\/div>\n\t\t\t\t<div class=\"elementor-element elementor-element-625f794 elementor-widget elementor-widget-text-editor\" data-id=\"625f794\" data-element_type=\"widget\" data-widget_type=\"text-editor.default\">\n\t\t\t\t\t\t\t\t\t<p>Remplissez ce formulaire, notre \u00e9quipe commerciale vous recontactera dans les plus brefs d\u00e9lais !<br \/>Ou contactez-nous \u00e0 l\u2019adresse <span style=\"color: #e75518;\">contact@cqmplus.fr.<\/span><\/p>\t\t\t\t\t\t\t\t<\/div>\n\t\t\t\t\t<\/div>\n\t\t<\/div>\n\t\t\t\t<div class=\"elementor-column elementor-col-50 elementor-top-column elementor-element elementor-element-31ff9b29\" data-id=\"31ff9b29\" data-element_type=\"column\">\n\t\t\t<div class=\"elementor-widget-wrap elementor-element-populated\">\n\t\t\t\t\t\t<div class=\"elementor-element elementor-element-7f38945a elementor-button-align-stretch elementor-widget elementor-widget-form\" data-id=\"7f38945a\" data-element_type=\"widget\" data-settings=\"{&quot;button_width&quot;:&quot;30&quot;,&quot;step_next_label&quot;:&quot;Suivant&quot;,&quot;step_previous_label&quot;:&quot;Pr\\u00e9c\\u00e9dent&quot;,&quot;step_type&quot;:&quot;number_text&quot;,&quot;step_icon_shape&quot;:&quot;circle&quot;}\" data-widget_type=\"form.default\">\n\t\t\t\t\t\t\t<form class=\"elementor-form\" method=\"post\" name=\"Nouveau formulaire\" aria-label=\"Nouveau formulaire\">\n\t\t\t<input type=\"hidden\" name=\"post_id\" value=\"1274\"\/>\n\t\t\t<input type=\"hidden\" name=\"form_id\" value=\"7f38945a\"\/>\n\t\t\t<input type=\"hidden\" name=\"referer_title\" value=\"Notre savoir faire\" \/>\n\n\t\t\t\t\t\t\t<input type=\"hidden\" name=\"queried_id\" value=\"1274\"\/>\n\t\t\t\n\t\t\t<div class=\"elementor-form-fields-wrapper elementor-labels-above\">\n\t\t\t\t\t\t\t\t<div class=\"elementor-field-type-text elementor-field-group elementor-column elementor-field-group-name elementor-col-50 elementor-field-required elementor-mark-required\">\n\t\t\t\t\t\t\t\t\t\t\t\t\t<input size=\"1\" type=\"text\" name=\"form_fields[name]\" id=\"form-field-name\" class=\"elementor-field elementor-size-sm  elementor-field-textual\" placeholder=\"Nom\" required=\"required\">\n\t\t\t\t\t\t\t\t\t\t\t<\/div>\n\t\t\t\t\t\t\t\t<div class=\"elementor-field-type-email elementor-field-group elementor-column elementor-field-group-field_05f8aca elementor-col-50 elementor-field-required elementor-mark-required\">\n\t\t\t\t\t\t\t\t\t\t\t\t\t<input size=\"1\" type=\"email\" name=\"form_fields[field_05f8aca]\" id=\"form-field-field_05f8aca\" class=\"elementor-field elementor-size-sm  elementor-field-textual\" placeholder=\"E-mail\" required=\"required\">\n\t\t\t\t\t\t\t\t\t\t\t<\/div>\n\t\t\t\t\t\t\t\t<div class=\"elementor-field-type-text elementor-field-group elementor-column elementor-field-group-field_a3d48f1 elementor-col-50 elementor-field-required elementor-mark-required\">\n\t\t\t\t\t\t\t\t\t\t\t\t\t<input size=\"1\" type=\"text\" name=\"form_fields[field_a3d48f1]\" id=\"form-field-field_a3d48f1\" class=\"elementor-field elementor-size-sm  elementor-field-textual\" placeholder=\"Pr\u00e9nom\" required=\"required\">\n\t\t\t\t\t\t\t\t\t\t\t<\/div>\n\t\t\t\t\t\t\t\t<div class=\"elementor-field-type-tel elementor-field-group elementor-column elementor-field-group-field_009b965 elementor-col-50\">\n\t\t\t\t\t\t\t<input size=\"1\" type=\"tel\" name=\"form_fields[field_009b965]\" id=\"form-field-field_009b965\" class=\"elementor-field elementor-size-sm  elementor-field-textual\" placeholder=\"T\u00e9l\u00e9phone\" pattern=\"[0-9()#&amp;+*-=.]+\" title=\"Seuls les caract\u00e8res de num\u00e9ros de t\u00e9l\u00e9phone (#, -, *, etc.) sont accept\u00e9s.\">\n\n\t\t\t\t\t\t<\/div>\n\t\t\t\t\t\t\t\t<div class=\"elementor-field-type-text elementor-field-group elementor-column elementor-field-group-field_2a20864 elementor-col-50 elementor-field-required elementor-mark-required\">\n\t\t\t\t\t\t\t\t\t\t\t\t\t<input size=\"1\" type=\"text\" name=\"form_fields[field_2a20864]\" id=\"form-field-field_2a20864\" class=\"elementor-field elementor-size-sm  elementor-field-textual\" placeholder=\"Soci\u00e9t\u00e9 \" required=\"required\">\n\t\t\t\t\t\t\t\t\t\t\t<\/div>\n\t\t\t\t\t\t\t\t<div class=\"elementor-field-type-textarea elementor-field-group elementor-column elementor-field-group-message elementor-col-100\">\n\t\t\t\t\t<textarea class=\"elementor-field-textual elementor-field  elementor-size-sm\" name=\"form_fields[message]\" id=\"form-field-message\" rows=\"4\" placeholder=\"Message\"><\/textarea>\t\t\t\t<\/div>\n\t\t\t\t\t\t\t\t<div class=\"elementor-field-group elementor-column elementor-field-type-submit elementor-col-30 e-form__buttons\">\n\t\t\t\t\t<button class=\"elementor-button elementor-size-sm\" type=\"submit\">\n\t\t\t\t\t\t<span class=\"elementor-button-content-wrapper\">\n\t\t\t\t\t\t\t\t\t\t\t\t\t\t\t\t\t\t\t\t\t\t<span class=\"elementor-button-text\">Envoyer<\/span>\n\t\t\t\t\t\t\t\t\t\t\t\t\t<\/span>\n\t\t\t\t\t<\/button>\n\t\t\t\t<\/div>\n\t\t\t<\/div>\n\t\t<\/form>\n\t\t\t\t\t\t<\/div>\n\t\t\t\t\t<\/div>\n\t\t<\/div>\n\t\t\t\t\t<\/div>\n\t\t<\/section>\n\t\t\t\t<\/div>\n\t\t","protected":false},"excerpt":{"rendered":"<p>Cartes recto\/verso sans flip M\u00e9trologie En savoir + M\u00e9trologie Temp\u00e9rature \u2013 Caract\u00e9risation d\u2019enceintes \u2013 Courant\/tension \u2013 D\u00e9bitm\u00e8tre \u2013 Pression \u2013 Autres En savoir + Formation En savoir + Formation Formations M\u00e9trologie et Qualit\u00e9 adapt\u00e9es \u00e0 vos besoins En savoir + Qualit\u00e9 En savoir + Qualit\u00e9 Accompagnement \u2013 Audit \u2013 Cr\u00e9ation documentation sp\u00e9cifique En savoir + [&hellip;]<\/p>\n","protected":false},"author":3,"featured_media":0,"parent":0,"menu_order":0,"comment_status":"closed","ping_status":"closed","template":"elementor_header_footer","meta":{"footnotes":""},"class_list":["post-1274","page","type-page","status-publish","hentry"],"jetpack_sharing_enabled":true,"_links":{"self":[{"href":"https:\/\/www.cqmplus.com\/index.php\/wp-json\/wp\/v2\/pages\/1274","targetHints":{"allow":["GET"]}}],"collection":[{"href":"https:\/\/www.cqmplus.com\/index.php\/wp-json\/wp\/v2\/pages"}],"about":[{"href":"https:\/\/www.cqmplus.com\/index.php\/wp-json\/wp\/v2\/types\/page"}],"author":[{"embeddable":true,"href":"https:\/\/www.cqmplus.com\/index.php\/wp-json\/wp\/v2\/users\/3"}],"replies":[{"embeddable":true,"href":"https:\/\/www.cqmplus.com\/index.php\/wp-json\/wp\/v2\/comments?post=1274"}],"version-history":[{"count":73,"href":"https:\/\/www.cqmplus.com\/index.php\/wp-json\/wp\/v2\/pages\/1274\/revisions"}],"predecessor-version":[{"id":2826,"href":"https:\/\/www.cqmplus.com\/index.php\/wp-json\/wp\/v2\/pages\/1274\/revisions\/2826"}],"wp:attachment":[{"href":"https:\/\/www.cqmplus.com\/index.php\/wp-json\/wp\/v2\/media?parent=1274"}],"curies":[{"name":"wp","href":"https:\/\/api.w.org\/{rel}","templated":true}]}}