{"id":1342,"date":"2025-10-16T11:14:56","date_gmt":"2025-10-16T09:14:56","guid":{"rendered":"https:\/\/www.cqmplus.com\/?page_id=1342"},"modified":"2026-01-20T16:25:14","modified_gmt":"2026-01-20T15:25:14","slug":"formation-metrologie","status":"publish","type":"page","link":"https:\/\/www.cqmplus.com\/index.php\/formation-metrologie\/","title":{"rendered":"Formation M\u00e9trologie"},"content":{"rendered":"\t\t<div data-elementor-type=\"wp-page\" data-elementor-id=\"1342\" class=\"elementor elementor-1342\" data-elementor-post-type=\"page\">\n\t\t\t\t\t\t<section class=\"elementor-section elementor-top-section elementor-element elementor-element-741f2ce0 elementor-section-full_width elementor-section-height-default elementor-section-height-default\" data-id=\"741f2ce0\" data-element_type=\"section\">\n\t\t\t\t\t\t<div class=\"elementor-container elementor-column-gap-default\">\n\t\t\t\t\t<div class=\"elementor-column elementor-col-100 elementor-top-column elementor-element elementor-element-6ef23ba\" data-id=\"6ef23ba\" data-element_type=\"column\">\n\t\t\t<div class=\"elementor-widget-wrap elementor-element-populated\">\n\t\t\t\t\t\t<div class=\"elementor-element elementor-element-3cf09de elementor-widget elementor-widget-html\" data-id=\"3cf09de\" data-element_type=\"widget\" data-widget_type=\"html.default\">\n\t\t\t\t\t<!doctype html>\r\n<html lang=\"fr\">\r\n<head>\r\n<meta charset=\"utf-8\">\r\n<meta name=\"viewport\" content=\"width=device-width,initial-scale=1\">\r\n<title>Formations<\/title>\r\n\r\n<link href=\"https:\/\/fonts.googleapis.com\/css2?family=Montserrat:wght@700&display=swap\" rel=\"stylesheet\">\r\n\r\n<style>\r\n  body{\r\n    margin:0;\r\n    background:#ffffff;\r\n    font-family:\"Poppins\",sans-serif;\r\n  }\r\n\r\n  .cards{\r\n    display:flex;\r\n    justify-content:center;\r\n    align-items:stretch;\r\n    gap:0;\r\n    padding:0;\r\n  }\r\n\r\n  .card{\r\n    position:relative;\r\n    flex:1;\r\n    height:350px;\r\n    overflow:hidden;\r\n    background-size:cover;\r\n    background-position:center;\r\n    display:flex;\r\n    flex-direction:column;\r\n    justify-content:center;\r\n    align-items:center;\r\n    transition:transform .3s ease;\r\n  }\r\n\r\n  .card:hover{\r\n    transform:scale(1.02);\r\n  }\r\n\r\n  \/* Voile sombre *\/\r\n  .card::before{\r\n    content:\"\";\r\n    position:absolute;\r\n    inset:0;\r\n    background:rgba(0,0,0,0.35);\r\n  }\r\n\r\n  .card h3{\r\n    position:relative;\r\n    background:rgba(255,255,255,0.75);\r\n    color:#134A80;\r\n    font-size:22px;\r\n    font-weight:700;\r\n    padding:10px 30px;\r\n    border-radius:4px;\r\n    margin-bottom:25px;\r\n    z-index:1;\r\n    text-align:center;\r\n  }\r\n\r\n  \/* \u2705 Style bouton blanc *\/\r\n  .btn{\r\n    position:relative;\r\n    display:inline-block;\r\n    font-size:14px;\r\n    color:#fff;\r\n    text-decoration:none!important;\r\n    border-bottom:2px solid currentColor;\r\n    padding-bottom:4px;\r\n    transition:.3s;\r\n    z-index:3; \/* au-dessus du lien global *\/\r\n  }\r\n  .btn:hover{\r\n    color:#134A80;\r\n    border-color:#134A80;\r\n  }\r\n\r\n  \/* \u2705 Style bouton bleu *\/\r\n  .btn-blue{\r\n    position:relative;\r\n    display:inline-block;\r\n    font-size:14px;\r\n    color:#134A80;\r\n    text-decoration:none!important;\r\n    border-bottom:2px solid currentColor;\r\n    padding-bottom:4px;\r\n    transition:.3s;\r\n    z-index:1;\r\n  }\r\n  .btn-blue:hover{\r\n    color:#fff;\r\n    border-color:#fff;\r\n  }\r\n\r\n  \/* \u2705 Lien cliquable sur toute la carte *\/\r\n  .card-link {\r\n    position:absolute;\r\n    inset:0;\r\n    z-index:2;\r\n  }\r\n\r\n  \/* ====== Responsive ====== *\/\r\n  @media (max-width: 1024px){\r\n    .cards{\r\n      flex-direction:column;\r\n      gap:25px;\r\n      padding:25px;\r\n    }\r\n    .card{\r\n      height:420px;\r\n    }\r\n    .card h3{\r\n      font-size:24px;\r\n    }\r\n  }\r\n\r\n  @media (max-width: 768px){\r\n    .cards{\r\n      flex-direction:column;\r\n      gap:28px;\r\n      padding:20px;\r\n    }\r\n\r\n    .card{\r\n      height:85vh;\r\n    }\r\n\r\n    .card h3{\r\n      font-size:28px;\r\n      padding:12px 32px;\r\n      margin-bottom:25px;\r\n    }\r\n\r\n    .btn,\r\n    .btn-blue{\r\n      font-size:14px;\r\n      padding-bottom:6px;\r\n    }\r\n  }\r\n\r\n  @media (max-width: 480px){\r\n    .cards{\r\n      padding:0px;\r\n      gap:24px;\r\n    }\r\n\r\n    .card{\r\n      height:95vh;\r\n    }\r\n\r\n    .card h3{\r\n      font-size:25px;\r\n      padding:4px 6px;\r\n      margin-bottom:50px;\r\n      margin-top:100px;\r\n    }\r\n\r\n    .btn,\r\n    .btn-blue{\r\n      font-size:14px;\r\n      padding-bottom:8px;\r\n      margin-bottom:30px;\r\n    }\r\n  }\r\n<\/style>\r\n<\/head>\r\n<body>\r\n\r\n<div class=\"cards\">\r\n\r\n  <!-- FORMATIONS M\u00c9TROLOGIE -->\r\n  <div class=\"card\" style=\"background-image:url('https:\/\/www.cqmplus.com\/wp-content\/uploads\/Gemini_Generated_Image_fvft27fvft27fvft.png')\">\r\n    <h3>Formations M\u00e9trologie<\/h3>\r\n    <a class=\"btn-blue\" href=\"#\"><\/a>\r\n  <\/div>\r\n\r\n  <!-- FORMATIONS QUALIT\u00c9 (cliquable + garde \"En savoir +\") -->\r\n<a \r\n  href=\"https:\/\/www.cqmplus.com\/index.php\/formation-qualite-2\"\r\n  class=\"card\"\r\n  style=\"background-image:url('https:\/\/www.cqmplus.com\/wp-content\/uploads\/NSF-Formation-Qualite.jpeg')\"\r\n  aria-label=\"Formations Qualit\u00e9\"\r\n>\r\n  <h3>Formations Qualit\u00e9<\/h3>\r\n\r\n  <span class=\"btn\">\r\n    En savoir +\r\n  <\/span>\r\n<\/a>\r\n\r\n\r\n\r\n\r\n<\/div>\r\n\r\n<\/body>\r\n<\/html>\r\n\t\t\t\t<\/div>\n\t\t\t\t\t<\/div>\n\t\t<\/div>\n\t\t\t\t\t<\/div>\n\t\t<\/section>\n\t\t\t\t<section class=\"elementor-section elementor-top-section elementor-element elementor-element-310a284 elementor-section-boxed elementor-section-height-default elementor-section-height-default\" data-id=\"310a284\" data-element_type=\"section\">\n\t\t\t\t\t\t<div class=\"elementor-container elementor-column-gap-default\">\n\t\t\t\t\t<div class=\"elementor-column elementor-col-50 elementor-top-column elementor-element elementor-element-c3b5c37\" data-id=\"c3b5c37\" data-element_type=\"column\">\n\t\t\t<div class=\"elementor-widget-wrap elementor-element-populated\">\n\t\t\t\t\t\t<div class=\"elementor-element elementor-element-6e3cdba4 elementor-widget elementor-widget-heading\" data-id=\"6e3cdba4\" data-element_type=\"widget\" data-widget_type=\"heading.default\">\n\t\t\t\t\t<h2 class=\"elementor-heading-title elementor-size-default\">INITIATION \u00c0 LA M\u00c9TROLOGIE<\/h2>\t\t\t\t<\/div>\n\t\t\t\t\t<\/div>\n\t\t<\/div>\n\t\t\t\t<div class=\"elementor-column elementor-col-50 elementor-top-column elementor-element elementor-element-27477db1\" data-id=\"27477db1\" data-element_type=\"column\">\n\t\t\t<div class=\"elementor-widget-wrap elementor-element-populated\">\n\t\t\t\t\t\t<div class=\"elementor-element elementor-element-43fc34d elementor-align-right elementor-mobile-align-center elementor-widget elementor-widget-button\" data-id=\"43fc34d\" data-element_type=\"widget\" data-widget_type=\"button.default\">\n\t\t\t\t\t\t\t\t\t\t<a class=\"elementor-button elementor-button-link elementor-size-sm\" href=\"https:\/\/www.cqmplus.com\/wp-content\/uploads\/M1-Initiation-a-la-Metrologie.pdf\" target=\"_blank\">\n\t\t\t\t\t\t<span class=\"elementor-button-content-wrapper\">\n\t\t\t\t\t\t<span class=\"elementor-button-icon\">\n\t\t\t\t<svg aria-hidden=\"true\" class=\"e-font-icon-svg e-fas-download\" viewBox=\"0 0 512 512\" xmlns=\"http:\/\/www.w3.org\/2000\/svg\"><path d=\"M216 0h80c13.3 0 24 10.7 24 24v168h87.7c17.8 0 26.7 21.5 14.1 34.1L269.7 378.3c-7.5 7.5-19.8 7.5-27.3 0L90.1 226.1c-12.6-12.6-3.7-34.1 14.1-34.1H192V24c0-13.3 10.7-24 24-24zm296 376v112c0 13.3-10.7 24-24 24H24c-13.3 0-24-10.7-24-24V376c0-13.3 10.7-24 24-24h146.7l49 49c20.1 20.1 52.5 20.1 72.6 0l49-49H488c13.3 0 24 10.7 24 24zm-124 88c0-11-9-20-20-20s-20 9-20 20 9 20 20 20 20-9 20-20zm64 0c0-11-9-20-20-20s-20 9-20 20 9 20 20 20 20-9 20-20z\"><\/path><\/svg>\t\t\t<\/span>\n\t\t\t\t\t\t\t\t\t<span class=\"elementor-button-text\">Programme<\/span>\n\t\t\t\t\t<\/span>\n\t\t\t\t\t<\/a>\n\t\t\t\t\t\t\t\t<\/div>\n\t\t\t\t\t<\/div>\n\t\t<\/div>\n\t\t\t\t\t<\/div>\n\t\t<\/section>\n\t\t\t\t<section class=\"elementor-section elementor-top-section elementor-element elementor-element-68180c6a elementor-section-boxed elementor-section-height-default elementor-section-height-default\" data-id=\"68180c6a\" data-element_type=\"section\">\n\t\t\t\t\t\t<div class=\"elementor-container elementor-column-gap-default\">\n\t\t\t\t\t<div class=\"elementor-column elementor-col-50 elementor-top-column elementor-element elementor-element-3f9ba333\" data-id=\"3f9ba333\" data-element_type=\"column\">\n\t\t\t<div class=\"elementor-widget-wrap elementor-element-populated\">\n\t\t\t\t\t\t<div class=\"elementor-element elementor-element-d13d870 elementor-widget elementor-widget-heading\" data-id=\"d13d870\" data-element_type=\"widget\" data-widget_type=\"heading.default\">\n\t\t\t\t\t<h2 class=\"elementor-heading-title elementor-size-default\">CORRESPONDANT M\u00c9TROLOGIE<\/h2>\t\t\t\t<\/div>\n\t\t\t\t\t<\/div>\n\t\t<\/div>\n\t\t\t\t<div class=\"elementor-column elementor-col-50 elementor-top-column elementor-element elementor-element-7ccacfbf\" data-id=\"7ccacfbf\" data-element_type=\"column\">\n\t\t\t<div class=\"elementor-widget-wrap elementor-element-populated\">\n\t\t\t\t\t\t<div class=\"elementor-element elementor-element-1a993b82 elementor-align-right elementor-mobile-align-center elementor-widget elementor-widget-button\" data-id=\"1a993b82\" data-element_type=\"widget\" data-widget_type=\"button.default\">\n\t\t\t\t\t\t\t\t\t\t<a class=\"elementor-button elementor-button-link elementor-size-sm\" href=\"https:\/\/www.cqmplus.com\/wp-content\/uploads\/M2-Formation-Correspondant-Metrologie.pdf\" target=\"_blank\">\n\t\t\t\t\t\t<span class=\"elementor-button-content-wrapper\">\n\t\t\t\t\t\t<span class=\"elementor-button-icon\">\n\t\t\t\t<svg aria-hidden=\"true\" class=\"e-font-icon-svg e-fas-download\" viewBox=\"0 0 512 512\" xmlns=\"http:\/\/www.w3.org\/2000\/svg\"><path d=\"M216 0h80c13.3 0 24 10.7 24 24v168h87.7c17.8 0 26.7 21.5 14.1 34.1L269.7 378.3c-7.5 7.5-19.8 7.5-27.3 0L90.1 226.1c-12.6-12.6-3.7-34.1 14.1-34.1H192V24c0-13.3 10.7-24 24-24zm296 376v112c0 13.3-10.7 24-24 24H24c-13.3 0-24-10.7-24-24V376c0-13.3 10.7-24 24-24h146.7l49 49c20.1 20.1 52.5 20.1 72.6 0l49-49H488c13.3 0 24 10.7 24 24zm-124 88c0-11-9-20-20-20s-20 9-20 20 9 20 20 20 20-9 20-20zm64 0c0-11-9-20-20-20s-20 9-20 20 9 20 20 20 20-9 20-20z\"><\/path><\/svg>\t\t\t<\/span>\n\t\t\t\t\t\t\t\t\t<span class=\"elementor-button-text\">Programme<\/span>\n\t\t\t\t\t<\/span>\n\t\t\t\t\t<\/a>\n\t\t\t\t\t\t\t\t<\/div>\n\t\t\t\t\t<\/div>\n\t\t<\/div>\n\t\t\t\t\t<\/div>\n\t\t<\/section>\n\t\t\t\t<section class=\"elementor-section elementor-top-section elementor-element elementor-element-40fbdd39 elementor-section-boxed elementor-section-height-default elementor-section-height-default\" data-id=\"40fbdd39\" data-element_type=\"section\">\n\t\t\t\t\t\t<div class=\"elementor-container elementor-column-gap-default\">\n\t\t\t\t\t<div class=\"elementor-column elementor-col-50 elementor-top-column elementor-element elementor-element-4d7815f0\" data-id=\"4d7815f0\" data-element_type=\"column\">\n\t\t\t<div class=\"elementor-widget-wrap elementor-element-populated\">\n\t\t\t\t\t\t<div class=\"elementor-element elementor-element-ac342ff elementor-widget elementor-widget-heading\" data-id=\"ac342ff\" data-element_type=\"widget\" data-widget_type=\"heading.default\">\n\t\t\t\t\t<h2 class=\"elementor-heading-title elementor-size-default\">CARACT\u00c9RISER ET ORGANISER LA FONCTION M\u00c9TROLOGIE<\/h2>\t\t\t\t<\/div>\n\t\t\t\t\t<\/div>\n\t\t<\/div>\n\t\t\t\t<div class=\"elementor-column elementor-col-50 elementor-top-column elementor-element elementor-element-63a6b953\" data-id=\"63a6b953\" data-element_type=\"column\">\n\t\t\t<div class=\"elementor-widget-wrap elementor-element-populated\">\n\t\t\t\t\t\t<div class=\"elementor-element elementor-element-7e92ba34 elementor-align-right elementor-mobile-align-center elementor-widget elementor-widget-button\" data-id=\"7e92ba34\" data-element_type=\"widget\" data-widget_type=\"button.default\">\n\t\t\t\t\t\t\t\t\t\t<a class=\"elementor-button elementor-button-link elementor-size-sm\" href=\"https:\/\/www.cqmplus.com\/wp-content\/uploads\/M3-Formation-Caracteriser-et-organiser-la-fonction-metrologique.pdf\" target=\"_blank\">\n\t\t\t\t\t\t<span class=\"elementor-button-content-wrapper\">\n\t\t\t\t\t\t<span class=\"elementor-button-icon\">\n\t\t\t\t<svg aria-hidden=\"true\" class=\"e-font-icon-svg e-fas-download\" viewBox=\"0 0 512 512\" xmlns=\"http:\/\/www.w3.org\/2000\/svg\"><path d=\"M216 0h80c13.3 0 24 10.7 24 24v168h87.7c17.8 0 26.7 21.5 14.1 34.1L269.7 378.3c-7.5 7.5-19.8 7.5-27.3 0L90.1 226.1c-12.6-12.6-3.7-34.1 14.1-34.1H192V24c0-13.3 10.7-24 24-24zm296 376v112c0 13.3-10.7 24-24 24H24c-13.3 0-24-10.7-24-24V376c0-13.3 10.7-24 24-24h146.7l49 49c20.1 20.1 52.5 20.1 72.6 0l49-49H488c13.3 0 24 10.7 24 24zm-124 88c0-11-9-20-20-20s-20 9-20 20 9 20 20 20 20-9 20-20zm64 0c0-11-9-20-20-20s-20 9-20 20 9 20 20 20 20-9 20-20z\"><\/path><\/svg>\t\t\t<\/span>\n\t\t\t\t\t\t\t\t\t<span class=\"elementor-button-text\">Programme<\/span>\n\t\t\t\t\t<\/span>\n\t\t\t\t\t<\/a>\n\t\t\t\t\t\t\t\t<\/div>\n\t\t\t\t\t<\/div>\n\t\t<\/div>\n\t\t\t\t\t<\/div>\n\t\t<\/section>\n\t\t\t\t<\/div>\n\t\t","protected":false},"excerpt":{"rendered":"<p>Formations Formations M\u00e9trologie Formations Qualit\u00e9 En savoir + INITIATION \u00c0 LA M\u00c9TROLOGIE Programme CORRESPONDANT M\u00c9TROLOGIE Programme CARACT\u00c9RISER ET ORGANISER LA FONCTION M\u00c9TROLOGIE Programme<\/p>\n","protected":false},"author":3,"featured_media":0,"parent":0,"menu_order":0,"comment_status":"closed","ping_status":"closed","template":"elementor_header_footer","meta":{"footnotes":""},"class_list":["post-1342","page","type-page","status-publish","hentry"],"jetpack_sharing_enabled":true,"_links":{"self":[{"href":"https:\/\/www.cqmplus.com\/index.php\/wp-json\/wp\/v2\/pages\/1342","targetHints":{"allow":["GET"]}}],"collection":[{"href":"https:\/\/www.cqmplus.com\/index.php\/wp-json\/wp\/v2\/pages"}],"about":[{"href":"https:\/\/www.cqmplus.com\/index.php\/wp-json\/wp\/v2\/types\/page"}],"author":[{"embeddable":true,"href":"https:\/\/www.cqmplus.com\/index.php\/wp-json\/wp\/v2\/users\/3"}],"replies":[{"embeddable":true,"href":"https:\/\/www.cqmplus.com\/index.php\/wp-json\/wp\/v2\/comments?post=1342"}],"version-history":[{"count":61,"href":"https:\/\/www.cqmplus.com\/index.php\/wp-json\/wp\/v2\/pages\/1342\/revisions"}],"predecessor-version":[{"id":2894,"href":"https:\/\/www.cqmplus.com\/index.php\/wp-json\/wp\/v2\/pages\/1342\/revisions\/2894"}],"wp:attachment":[{"href":"https:\/\/www.cqmplus.com\/index.php\/wp-json\/wp\/v2\/media?parent=1342"}],"curies":[{"name":"wp","href":"https:\/\/api.w.org\/{rel}","templated":true}]}}