{"id":1347,"date":"2025-10-16T11:15:01","date_gmt":"2025-10-16T09:15:01","guid":{"rendered":"https:\/\/www.cqmplus.com\/?page_id=1347"},"modified":"2026-01-20T16:05:57","modified_gmt":"2026-01-20T15:05:57","slug":"formation-qualite-2","status":"publish","type":"page","link":"https:\/\/www.cqmplus.com\/index.php\/formation-qualite-2\/","title":{"rendered":"Formation Qualit\u00e9"},"content":{"rendered":"\t\t<div data-elementor-type=\"wp-page\" data-elementor-id=\"1347\" class=\"elementor elementor-1347\" data-elementor-post-type=\"page\">\n\t\t\t\t\t\t<section class=\"elementor-section elementor-top-section elementor-element elementor-element-dc2c5c5 elementor-section-full_width elementor-section-height-default elementor-section-height-default\" data-id=\"dc2c5c5\" data-element_type=\"section\">\n\t\t\t\t\t\t<div class=\"elementor-container elementor-column-gap-default\">\n\t\t\t\t\t<div class=\"elementor-column elementor-col-100 elementor-top-column elementor-element elementor-element-1104e29d\" data-id=\"1104e29d\" data-element_type=\"column\">\n\t\t\t<div class=\"elementor-widget-wrap elementor-element-populated\">\n\t\t\t\t\t\t<div class=\"elementor-element elementor-element-71b048f1 elementor-widget elementor-widget-html\" data-id=\"71b048f1\" data-element_type=\"widget\" data-widget_type=\"html.default\">\n\t\t\t\t\t<!doctype html>\r\n<html lang=\"fr\">\r\n<head>\r\n<meta charset=\"utf-8\">\r\n<meta name=\"viewport\" content=\"width=device-width,initial-scale=1\">\r\n<title>Formations<\/title>\r\n\r\n<link href=\"https:\/\/fonts.googleapis.com\/css2?family=Montserrat:wght@700&display=swap\" rel=\"stylesheet\">\r\n\r\n<style>\r\n  body{\r\n    margin:0;\r\n    background:#ffffff;\r\n    font-family:\"Poppins\",sans-serif;\r\n  }\r\n\r\n  .cards{\r\n    display:flex;\r\n    justify-content:center;\r\n    align-items:stretch;\r\n    gap:0;\r\n    padding:0;\r\n  }\r\n\r\n  .card{\r\n    position:relative;\r\n    flex:1;\r\n    height:350px;\r\n    overflow:hidden;\r\n    background-size:cover;\r\n    background-position:center;\r\n    display:flex;\r\n    flex-direction:column;\r\n    justify-content:center;\r\n    align-items:center;\r\n    transition:transform .3s ease;\r\n  }\r\n\r\n  .card:hover{\r\n    transform:scale(1.02);\r\n  }\r\n\r\n  \/* Voile sombre *\/\r\n  .card::before{\r\n    content:\"\";\r\n    position:absolute;\r\n    inset:0;\r\n    background:rgba(0,0,0,0.35);\r\n  }\r\n\r\n  .card h3{\r\n    position:relative;\r\n    background:rgba(255,255,255,0.75);\r\n    color:#134A80;\r\n    font-size:22px;\r\n    font-weight:700;\r\n    padding:10px 30px;\r\n    border-radius:4px;\r\n    margin-bottom:25px;\r\n    z-index:1;\r\n    text-align:center;\r\n  }\r\n\r\n  \/* \u2705 Style bouton blanc *\/\r\n  .btn{\r\n    position:relative;\r\n    display:inline-block;\r\n    font-size:14px;\r\n    color:#fff;\r\n    text-decoration:none!important;\r\n    border-bottom:2px solid currentColor;\r\n    padding-bottom:4px;\r\n    transition:.3s;\r\n    z-index:3; \/* pour rester au-dessus du lien global *\/\r\n  }\r\n  .btn:hover{\r\n    color:#FFF;\r\n    border-color:#FFF;\r\n  }\r\n\r\n  \/* \u2705 Style bouton bleu *\/\r\n  .btn-blue{\r\n    position:relative;\r\n    display:inline-block;\r\n    font-size:14px;\r\n    color:#FFF;\r\n    text-decoration:none!important;\r\n    border-bottom:2px solid currentColor;\r\n    padding-bottom:4px;\r\n    transition:.3s;\r\n    z-index:3; \/* idem *\/\r\n  }\r\n  .btn-blue:hover{\r\n    color:#134A80;\r\n    border-color:#134A80;\r\n  }\r\n\r\n  \/* \u2705 Lien sur toute la carte *\/\r\n  .card-link {\r\n    position:absolute;\r\n    inset:0;\r\n    z-index:2;\r\n  }\r\n\r\n  \/* ====== Responsive ====== *\/\r\n  @media (max-width: 1024px){\r\n    .cards{\r\n      flex-direction:column;\r\n      gap:25px;\r\n      padding:25px;\r\n    }\r\n    .card{\r\n      height:420px;\r\n    }\r\n    .card h3{\r\n      font-size:24px;\r\n    }\r\n  }\r\n\r\n  @media (max-width: 768px){\r\n    .cards{\r\n      flex-direction:column;\r\n      gap:28px;\r\n      padding:20px;\r\n    }\r\n\r\n    .card{\r\n      height:85vh;\r\n    }\r\n\r\n    .card h3{\r\n      font-size:28px;\r\n      padding:12px 32px;\r\n      margin-bottom:25px;\r\n    }\r\n\r\n    .btn,\r\n    .btn-blue{\r\n      font-size:14px;\r\n      padding-bottom:6px;\r\n    }\r\n  }\r\n\r\n  @media (max-width: 480px){\r\n    .cards{\r\n      padding:0px;\r\n      gap:24px;\r\n    }\r\n\r\n    .card{\r\n      height:95vh;\r\n    }\r\n\r\n    .card h3{\r\n      font-size:25px;\r\n      padding:4px 6px;\r\n      margin-bottom:50px;\r\n      margin-top:100px;\r\n    }\r\n\r\n    .btn,\r\n    .btn-blue{\r\n      font-size:14px;\r\n      padding-bottom:8px;\r\n      margin-bottom:30px;\r\n    }\r\n  }\r\n<\/style>\r\n<\/head>\r\n<body>\r\n\r\n<div class=\"cards\">\r\n\r\n  <!-- FORMATIONS M\u00c9TROLOGIE (cliquable + bouton conserv\u00e9) -->\r\n  <div class=\"card\" style=\"background-image:url('https:\/\/www.cqmplus.com\/wp-content\/uploads\/Gemini_Generated_Image_fvft27fvft27fvft.png')\">\r\n    <a href=\"https:\/\/www.cqmplus.com\/index.php\/formation-metrologie\/\" class=\"card-link\" aria-label=\"Acc\u00e9der \u00e0 la page Formations M\u00e9trologie\"><\/a>\r\n    <h3>Formations M\u00e9trologie<\/h3>\r\n    <a class=\"btn-blue\" href=\"https:\/\/www.cqmplus.com\/index.php\/formation-metrologie\/\">En savoir +<\/a>\r\n  <\/div>\r\n\r\n  <!-- FORMATIONS QUALIT\u00c9 -->\r\n  <div class=\"card\" style=\"background-image:url('https:\/\/www.cqmplus.com\/wp-content\/uploads\/NSF-Formation-Qualite.jpeg')\">\r\n    <h3>Formations Qualit\u00e9<\/h3>\r\n    <a class=\"btn\" href=\"#\"><\/a>\r\n  <\/div>\r\n\r\n<\/div>\r\n\r\n<\/body>\r\n<\/html>\r\n\t\t\t\t<\/div>\n\t\t\t\t\t<\/div>\n\t\t<\/div>\n\t\t\t\t\t<\/div>\n\t\t<\/section>\n\t\t\t\t<section class=\"elementor-section elementor-top-section elementor-element elementor-element-62ac5dcc elementor-section-boxed elementor-section-height-default elementor-section-height-default\" data-id=\"62ac5dcc\" data-element_type=\"section\">\n\t\t\t\t\t\t<div class=\"elementor-container elementor-column-gap-default\">\n\t\t\t\t\t<div class=\"elementor-column elementor-col-50 elementor-top-column elementor-element elementor-element-53004696\" data-id=\"53004696\" data-element_type=\"column\">\n\t\t\t<div class=\"elementor-widget-wrap elementor-element-populated\">\n\t\t\t\t\t\t<div class=\"elementor-element elementor-element-141b5f8b elementor-widget elementor-widget-heading\" data-id=\"141b5f8b\" data-element_type=\"widget\" data-widget_type=\"heading.default\">\n\t\t\t\t\t<h2 class=\"elementor-heading-title elementor-size-default\">FORMATION ISO 9001 VS 2015<\/h2>\t\t\t\t<\/div>\n\t\t\t\t\t<\/div>\n\t\t<\/div>\n\t\t\t\t<div class=\"elementor-column elementor-col-50 elementor-top-column elementor-element elementor-element-c121cda\" data-id=\"c121cda\" data-element_type=\"column\">\n\t\t\t<div class=\"elementor-widget-wrap elementor-element-populated\">\n\t\t\t\t\t\t<div class=\"elementor-element elementor-element-2d172971 elementor-align-right elementor-mobile-align-center elementor-widget elementor-widget-button\" data-id=\"2d172971\" data-element_type=\"widget\" data-widget_type=\"button.default\">\n\t\t\t\t\t\t\t\t\t\t<a class=\"elementor-button elementor-button-link elementor-size-sm\" href=\"https:\/\/www.cqmplus.com\/wp-content\/uploads\/Q1-Formation-ISO-9001_2015-1.pdf\" target=\"_blank\">\n\t\t\t\t\t\t<span class=\"elementor-button-content-wrapper\">\n\t\t\t\t\t\t<span class=\"elementor-button-icon\">\n\t\t\t\t<svg aria-hidden=\"true\" class=\"e-font-icon-svg e-fas-download\" viewBox=\"0 0 512 512\" xmlns=\"http:\/\/www.w3.org\/2000\/svg\"><path d=\"M216 0h80c13.3 0 24 10.7 24 24v168h87.7c17.8 0 26.7 21.5 14.1 34.1L269.7 378.3c-7.5 7.5-19.8 7.5-27.3 0L90.1 226.1c-12.6-12.6-3.7-34.1 14.1-34.1H192V24c0-13.3 10.7-24 24-24zm296 376v112c0 13.3-10.7 24-24 24H24c-13.3 0-24-10.7-24-24V376c0-13.3 10.7-24 24-24h146.7l49 49c20.1 20.1 52.5 20.1 72.6 0l49-49H488c13.3 0 24 10.7 24 24zm-124 88c0-11-9-20-20-20s-20 9-20 20 9 20 20 20 20-9 20-20zm64 0c0-11-9-20-20-20s-20 9-20 20 9 20 20 20 20-9 20-20z\"><\/path><\/svg>\t\t\t<\/span>\n\t\t\t\t\t\t\t\t\t<span class=\"elementor-button-text\">Programme<\/span>\n\t\t\t\t\t<\/span>\n\t\t\t\t\t<\/a>\n\t\t\t\t\t\t\t\t<\/div>\n\t\t\t\t\t<\/div>\n\t\t<\/div>\n\t\t\t\t\t<\/div>\n\t\t<\/section>\n\t\t\t\t<section class=\"elementor-section elementor-top-section elementor-element elementor-element-1dad23c7 elementor-section-boxed elementor-section-height-default elementor-section-height-default\" data-id=\"1dad23c7\" data-element_type=\"section\">\n\t\t\t\t\t\t<div class=\"elementor-container elementor-column-gap-default\">\n\t\t\t\t\t<div class=\"elementor-column elementor-col-50 elementor-top-column elementor-element elementor-element-5847677e\" data-id=\"5847677e\" data-element_type=\"column\">\n\t\t\t<div class=\"elementor-widget-wrap elementor-element-populated\">\n\t\t\t\t\t\t<div class=\"elementor-element elementor-element-6839dee0 elementor-widget elementor-widget-heading\" data-id=\"6839dee0\" data-element_type=\"widget\" data-widget_type=\"heading.default\">\n\t\t\t\t\t<h2 class=\"elementor-heading-title elementor-size-default\">FORMATION ISO 14001 VS 2015<\/h2>\t\t\t\t<\/div>\n\t\t\t\t\t<\/div>\n\t\t<\/div>\n\t\t\t\t<div class=\"elementor-column elementor-col-50 elementor-top-column elementor-element elementor-element-5b0226f0\" data-id=\"5b0226f0\" data-element_type=\"column\">\n\t\t\t<div class=\"elementor-widget-wrap elementor-element-populated\">\n\t\t\t\t\t\t<div class=\"elementor-element elementor-element-60fd39e2 elementor-align-right elementor-mobile-align-center elementor-widget elementor-widget-button\" data-id=\"60fd39e2\" data-element_type=\"widget\" data-widget_type=\"button.default\">\n\t\t\t\t\t\t\t\t\t\t<a class=\"elementor-button elementor-button-link elementor-size-sm\" href=\"https:\/\/www.cqmplus.com\/wp-content\/uploads\/Q2-Formation-ISO-14001_2015-1.pdf\" target=\"_blank\">\n\t\t\t\t\t\t<span class=\"elementor-button-content-wrapper\">\n\t\t\t\t\t\t<span class=\"elementor-button-icon\">\n\t\t\t\t<svg aria-hidden=\"true\" class=\"e-font-icon-svg e-fas-download\" viewBox=\"0 0 512 512\" xmlns=\"http:\/\/www.w3.org\/2000\/svg\"><path d=\"M216 0h80c13.3 0 24 10.7 24 24v168h87.7c17.8 0 26.7 21.5 14.1 34.1L269.7 378.3c-7.5 7.5-19.8 7.5-27.3 0L90.1 226.1c-12.6-12.6-3.7-34.1 14.1-34.1H192V24c0-13.3 10.7-24 24-24zm296 376v112c0 13.3-10.7 24-24 24H24c-13.3 0-24-10.7-24-24V376c0-13.3 10.7-24 24-24h146.7l49 49c20.1 20.1 52.5 20.1 72.6 0l49-49H488c13.3 0 24 10.7 24 24zm-124 88c0-11-9-20-20-20s-20 9-20 20 9 20 20 20 20-9 20-20zm64 0c0-11-9-20-20-20s-20 9-20 20 9 20 20 20 20-9 20-20z\"><\/path><\/svg>\t\t\t<\/span>\n\t\t\t\t\t\t\t\t\t<span class=\"elementor-button-text\">Programme<\/span>\n\t\t\t\t\t<\/span>\n\t\t\t\t\t<\/a>\n\t\t\t\t\t\t\t\t<\/div>\n\t\t\t\t\t<\/div>\n\t\t<\/div>\n\t\t\t\t\t<\/div>\n\t\t<\/section>\n\t\t\t\t<section class=\"elementor-section elementor-top-section elementor-element elementor-element-3356bd72 elementor-section-boxed elementor-section-height-default elementor-section-height-default\" data-id=\"3356bd72\" data-element_type=\"section\">\n\t\t\t\t\t\t<div class=\"elementor-container elementor-column-gap-default\">\n\t\t\t\t\t<div class=\"elementor-column elementor-col-50 elementor-top-column elementor-element elementor-element-313954c2\" data-id=\"313954c2\" data-element_type=\"column\">\n\t\t\t<div class=\"elementor-widget-wrap elementor-element-populated\">\n\t\t\t\t\t\t<div class=\"elementor-element elementor-element-780c0971 elementor-widget elementor-widget-heading\" data-id=\"780c0971\" data-element_type=\"widget\" data-widget_type=\"heading.default\">\n\t\t\t\t\t<h2 class=\"elementor-heading-title elementor-size-default\">FORMATION ISO 17025 VS 2017<\/h2>\t\t\t\t<\/div>\n\t\t\t\t\t<\/div>\n\t\t<\/div>\n\t\t\t\t<div class=\"elementor-column elementor-col-50 elementor-top-column elementor-element elementor-element-4eeefa35\" data-id=\"4eeefa35\" data-element_type=\"column\">\n\t\t\t<div class=\"elementor-widget-wrap elementor-element-populated\">\n\t\t\t\t\t\t<div class=\"elementor-element elementor-element-7cdb0692 elementor-align-right elementor-mobile-align-center elementor-widget elementor-widget-button\" data-id=\"7cdb0692\" data-element_type=\"widget\" data-widget_type=\"button.default\">\n\t\t\t\t\t\t\t\t\t\t<a class=\"elementor-button elementor-button-link elementor-size-sm\" href=\"https:\/\/www.cqmplus.com\/wp-content\/uploads\/Q3-Formation-ISO-17025_2017-1.pdf\" target=\"_blank\">\n\t\t\t\t\t\t<span class=\"elementor-button-content-wrapper\">\n\t\t\t\t\t\t<span class=\"elementor-button-icon\">\n\t\t\t\t<svg aria-hidden=\"true\" class=\"e-font-icon-svg e-fas-download\" viewBox=\"0 0 512 512\" xmlns=\"http:\/\/www.w3.org\/2000\/svg\"><path d=\"M216 0h80c13.3 0 24 10.7 24 24v168h87.7c17.8 0 26.7 21.5 14.1 34.1L269.7 378.3c-7.5 7.5-19.8 7.5-27.3 0L90.1 226.1c-12.6-12.6-3.7-34.1 14.1-34.1H192V24c0-13.3 10.7-24 24-24zm296 376v112c0 13.3-10.7 24-24 24H24c-13.3 0-24-10.7-24-24V376c0-13.3 10.7-24 24-24h146.7l49 49c20.1 20.1 52.5 20.1 72.6 0l49-49H488c13.3 0 24 10.7 24 24zm-124 88c0-11-9-20-20-20s-20 9-20 20 9 20 20 20 20-9 20-20zm64 0c0-11-9-20-20-20s-20 9-20 20 9 20 20 20 20-9 20-20z\"><\/path><\/svg>\t\t\t<\/span>\n\t\t\t\t\t\t\t\t\t<span class=\"elementor-button-text\">Programme<\/span>\n\t\t\t\t\t<\/span>\n\t\t\t\t\t<\/a>\n\t\t\t\t\t\t\t\t<\/div>\n\t\t\t\t\t<\/div>\n\t\t<\/div>\n\t\t\t\t\t<\/div>\n\t\t<\/section>\n\t\t\t\t<section class=\"elementor-section elementor-top-section elementor-element elementor-element-f3376e4 elementor-section-boxed elementor-section-height-default elementor-section-height-default\" data-id=\"f3376e4\" data-element_type=\"section\">\n\t\t\t\t\t\t<div class=\"elementor-container elementor-column-gap-default\">\n\t\t\t\t\t<div class=\"elementor-column elementor-col-50 elementor-top-column elementor-element elementor-element-59b5ccb\" data-id=\"59b5ccb\" data-element_type=\"column\">\n\t\t\t<div class=\"elementor-widget-wrap elementor-element-populated\">\n\t\t\t\t\t\t<div class=\"elementor-element elementor-element-1b6e576 elementor-widget elementor-widget-heading\" data-id=\"1b6e576\" data-element_type=\"widget\" data-widget_type=\"heading.default\">\n\t\t\t\t\t<h2 class=\"elementor-heading-title elementor-size-default\">FORMATION ISO PERFECTIONNEMENT \u00c0 L\u2019AUDIT INTERNE<\/h2>\t\t\t\t<\/div>\n\t\t\t\t\t<\/div>\n\t\t<\/div>\n\t\t\t\t<div class=\"elementor-column elementor-col-50 elementor-top-column elementor-element elementor-element-5aa88a3\" data-id=\"5aa88a3\" data-element_type=\"column\">\n\t\t\t<div class=\"elementor-widget-wrap elementor-element-populated\">\n\t\t\t\t\t\t<div class=\"elementor-element elementor-element-cdce151 elementor-align-right elementor-mobile-align-center elementor-widget elementor-widget-button\" data-id=\"cdce151\" data-element_type=\"widget\" data-widget_type=\"button.default\">\n\t\t\t\t\t\t\t\t\t\t<a class=\"elementor-button elementor-button-link elementor-size-sm\" href=\"https:\/\/www.cqmplus.com\/wp-content\/uploads\/Q5-Formation-Perfectionnement-a-laudits-internes-1.pdf\" target=\"_blank\">\n\t\t\t\t\t\t<span class=\"elementor-button-content-wrapper\">\n\t\t\t\t\t\t<span class=\"elementor-button-icon\">\n\t\t\t\t<svg aria-hidden=\"true\" class=\"e-font-icon-svg e-fas-download\" viewBox=\"0 0 512 512\" xmlns=\"http:\/\/www.w3.org\/2000\/svg\"><path d=\"M216 0h80c13.3 0 24 10.7 24 24v168h87.7c17.8 0 26.7 21.5 14.1 34.1L269.7 378.3c-7.5 7.5-19.8 7.5-27.3 0L90.1 226.1c-12.6-12.6-3.7-34.1 14.1-34.1H192V24c0-13.3 10.7-24 24-24zm296 376v112c0 13.3-10.7 24-24 24H24c-13.3 0-24-10.7-24-24V376c0-13.3 10.7-24 24-24h146.7l49 49c20.1 20.1 52.5 20.1 72.6 0l49-49H488c13.3 0 24 10.7 24 24zm-124 88c0-11-9-20-20-20s-20 9-20 20 9 20 20 20 20-9 20-20zm64 0c0-11-9-20-20-20s-20 9-20 20 9 20 20 20 20-9 20-20z\"><\/path><\/svg>\t\t\t<\/span>\n\t\t\t\t\t\t\t\t\t<span class=\"elementor-button-text\">Programme<\/span>\n\t\t\t\t\t<\/span>\n\t\t\t\t\t<\/a>\n\t\t\t\t\t\t\t\t<\/div>\n\t\t\t\t\t<\/div>\n\t\t<\/div>\n\t\t\t\t\t<\/div>\n\t\t<\/section>\n\t\t\t\t<\/div>\n\t\t","protected":false},"excerpt":{"rendered":"<p>Formations Formations M\u00e9trologie En savoir + Formations Qualit\u00e9 FORMATION ISO 9001 VS 2015 Programme FORMATION ISO 14001 VS 2015 Programme FORMATION ISO 17025 VS 2017 Programme FORMATION ISO PERFECTIONNEMENT \u00c0 L\u2019AUDIT INTERNE Programme<\/p>\n","protected":false},"author":3,"featured_media":0,"parent":0,"menu_order":0,"comment_status":"closed","ping_status":"closed","template":"elementor_header_footer","meta":{"footnotes":""},"class_list":["post-1347","page","type-page","status-publish","hentry"],"jetpack_sharing_enabled":true,"_links":{"self":[{"href":"https:\/\/www.cqmplus.com\/index.php\/wp-json\/wp\/v2\/pages\/1347","targetHints":{"allow":["GET"]}}],"collection":[{"href":"https:\/\/www.cqmplus.com\/index.php\/wp-json\/wp\/v2\/pages"}],"about":[{"href":"https:\/\/www.cqmplus.com\/index.php\/wp-json\/wp\/v2\/types\/page"}],"author":[{"embeddable":true,"href":"https:\/\/www.cqmplus.com\/index.php\/wp-json\/wp\/v2\/users\/3"}],"replies":[{"embeddable":true,"href":"https:\/\/www.cqmplus.com\/index.php\/wp-json\/wp\/v2\/comments?post=1347"}],"version-history":[{"count":40,"href":"https:\/\/www.cqmplus.com\/index.php\/wp-json\/wp\/v2\/pages\/1347\/revisions"}],"predecessor-version":[{"id":2869,"href":"https:\/\/www.cqmplus.com\/index.php\/wp-json\/wp\/v2\/pages\/1347\/revisions\/2869"}],"wp:attachment":[{"href":"https:\/\/www.cqmplus.com\/index.php\/wp-json\/wp\/v2\/media?parent=1347"}],"curies":[{"name":"wp","href":"https:\/\/api.w.org\/{rel}","templated":true}]}}