{"id":1362,"date":"2025-10-16T10:58:51","date_gmt":"2025-10-16T08:58:51","guid":{"rendered":"https:\/\/www.cqmplus.com\/?page_id=1362"},"modified":"2025-12-10T14:48:01","modified_gmt":"2025-12-10T13:48:01","slug":"contact","status":"publish","type":"page","link":"https:\/\/www.cqmplus.com\/index.php\/contact\/","title":{"rendered":"Contact"},"content":{"rendered":"\t\t<div data-elementor-type=\"wp-page\" data-elementor-id=\"1362\" class=\"elementor elementor-1362\" data-elementor-post-type=\"page\">\n\t\t\t\t\t\t<section class=\"elementor-section elementor-top-section elementor-element elementor-element-67137755 elementor-section-height-min-height elementor-section-boxed elementor-section-height-default elementor-section-items-middle\" data-id=\"67137755\" data-element_type=\"section\" data-settings=\"{&quot;background_background&quot;:&quot;classic&quot;}\">\n\t\t\t\t\t\t<div class=\"elementor-container elementor-column-gap-default\">\n\t\t\t\t\t<div class=\"elementor-column elementor-col-100 elementor-top-column elementor-element elementor-element-1f09ee27\" data-id=\"1f09ee27\" data-element_type=\"column\">\n\t\t\t<div class=\"elementor-widget-wrap elementor-element-populated\">\n\t\t\t\t\t\t<div class=\"elementor-element elementor-element-504f151d elementor-widget elementor-widget-heading\" data-id=\"504f151d\" data-element_type=\"widget\" data-widget_type=\"heading.default\">\n\t\t\t\t\t<h2 class=\"elementor-heading-title elementor-size-default\">Nous contacter<\/h2>\t\t\t\t<\/div>\n\t\t\t\t\t<\/div>\n\t\t<\/div>\n\t\t\t\t\t<\/div>\n\t\t<\/section>\n\t\t\t\t<section class=\"elementor-section elementor-top-section elementor-element elementor-element-3fd9953b elementor-section-boxed elementor-section-height-default elementor-section-height-default\" data-id=\"3fd9953b\" data-element_type=\"section\">\n\t\t\t\t\t\t<div class=\"elementor-container elementor-column-gap-default\">\n\t\t\t\t\t<div class=\"elementor-column elementor-col-100 elementor-top-column elementor-element elementor-element-1100c2c9\" data-id=\"1100c2c9\" data-element_type=\"column\">\n\t\t\t<div class=\"elementor-widget-wrap elementor-element-populated\">\n\t\t\t\t\t\t<div class=\"elementor-element elementor-element-e3f8f61 elementor-widget elementor-widget-spacer\" data-id=\"e3f8f61\" data-element_type=\"widget\" data-widget_type=\"spacer.default\">\n\t\t\t\t\t\t\t<div class=\"elementor-spacer\">\n\t\t\t<div class=\"elementor-spacer-inner\"><\/div>\n\t\t<\/div>\n\t\t\t\t\t\t<\/div>\n\t\t\t\t<div class=\"elementor-element elementor-element-62c1b07a elementor-widget elementor-widget-heading\" data-id=\"62c1b07a\" data-element_type=\"widget\" data-widget_type=\"heading.default\">\n\t\t\t\t\t<h2 class=\"elementor-heading-title elementor-size-default\">Notre \u00e9quipe d\u2019experts<\/h2>\t\t\t\t<\/div>\n\t\t\t\t<div class=\"elementor-element elementor-element-22d1d00a elementor-widget elementor-widget-html\" data-id=\"22d1d00a\" data-element_type=\"widget\" data-widget_type=\"html.default\">\n\t\t\t\t\t<!doctype html>\r\n<html lang=\"fr\">\r\n<head>\r\n<meta charset=\"utf-8\">\r\n<meta name=\"viewport\" content=\"width=device-width,initial-scale=1\">\r\n<title>\u00c9quipe<\/title>\r\n\r\n<link href=\"https:\/\/fonts.googleapis.com\/css2?family=Montserrat:wght@400;700&display=swap\" rel=\"stylesheet\">\r\n\r\n<style>\r\n  body {\r\n    margin: 0;\r\n    background: #fff;\r\n    font-family: \"Montserrat\", sans-serif;\r\n    color: #002F5D;\r\n  }\r\n\r\n  .team {\r\n    display: flex;\r\n    justify-content: left;\r\n    gap: 20px;\r\n    padding: 20px;\r\n  }\r\n\r\n  .member {\r\n    display: flex;\r\n    align-items: center;\r\n    gap: 20px;\r\n    max-width: 400px;\r\n    position: relative;\r\n    padding-right: 20px;\r\n  }\r\n\r\n  \/* barre verticale entre membres (desktop) *\/\r\n  .member::after {\r\n    content: \"\";\r\n    position: absolute;\r\n    right: 0;\r\n    top: 0;\r\n    bottom: 0;\r\n    width: 1px;\r\n    background: #134A80;\r\n  }\r\n\r\n  .member:last-child::after {\r\n    display: none;\r\n  }\r\n\r\n  .member img {\r\n    width: 80px;\r\n    height: 80px;\r\n    object-fit: cover;\r\n    border-radius: 6px;\r\n  }\r\n\r\n  .info {\r\n    display: flex;\r\n    flex-direction: column;\r\n  }\r\n\r\n  .info p {\r\n    margin: 0;\r\n    line-height: 1.4em;\r\n  }\r\n\r\n  .name {\r\n    font-weight: 700;\r\n    color: #134A80;\r\n    margin-bottom: 2px;\r\n  }\r\n\r\n  .role {\r\n    font-weight: 400;\r\n    margin-bottom: 2px;\r\n  }\r\n\r\n  .email {\r\n    color: #134A80;\r\n    font-size: 14px;\r\n    margin-bottom: 2px;\r\n  }\r\n\r\n  .tel {\r\n    color: #D64B2A;\r\n    font-size: 14px;\r\n  }\r\n\r\n  \/* ===== Responsive tablette ===== *\/\r\n  @media (max-width: 1024px) {\r\n    .team {\r\n      flex-wrap: wrap;\r\n      justify-content: center;\r\n      gap: 30px;\r\n    }\r\n  }\r\n\r\n  \/* ===== Version mobile ===== *\/\r\n  @media (max-width: 768px) {\r\n    .team {\r\n      flex-direction: column;\r\n      align-items: center;\r\n      gap: 40px;\r\n      padding: 30px 20px;\r\n    }\r\n\r\n    .member {\r\n      flex-direction: column;\r\n      align-items: center;\r\n      max-width: 100%;\r\n      padding: 0;\r\n      text-align: center;\r\n    }\r\n\r\n    \/* Barre horizontale entre les membres *\/\r\n    .member::after {\r\n      content: \"\";\r\n      position: absolute;\r\n      bottom: -20px;\r\n      left: 50%;\r\n      transform: translateX(-50%);\r\n      width: 60%;\r\n      height: 1px;\r\n      background: #134A80;\r\n    }\r\n\r\n    .member:last-child::after {\r\n      display: none;\r\n    }\r\n\r\n    .member img {\r\n      width: 120px;\r\n      height: 120px;\r\n      border-radius: 10px;\r\n    }\r\n\r\n    .name {\r\n      font-size: 20px;\r\n      margin-top: 10px;\r\n    }\r\n\r\n    .role {\r\n      font-size: 14px;\r\n      margin-bottom: 5px;\r\n    }\r\n\r\n    .email, .tel {\r\n      font-size: 15px;\r\n    }\r\n  }\r\n\r\n  \/* ===== Tr\u00e8s petits \u00e9crans ===== *\/\r\n  @media (max-width: 480px) {\r\n    .team {\r\n      gap: 45px;\r\n      padding: 40px 10px;\r\n    }\r\n\r\n    .member img {\r\n      width: 140px;\r\n      height: 140px;\r\n    }\r\n\r\n    .name {\r\n      font-size: 16px;\r\n    }\r\n\r\n    .role {\r\n      font-size: 14px;\r\n    }\r\n\r\n    .email, .tel {\r\n      font-size: 14px;\r\n    }\r\n\r\n    .member::after {\r\n      width: 70%;\r\n      bottom: -25px;\r\n    }\r\n  }\r\n<\/style>\r\n<\/head>\r\n<body>\r\n\r\n<div class=\"team\">\r\n\r\n  <div class=\"member\">\r\n    <img decoding=\"async\" src=\"https:\/\/www.cqmplus.com\/wp-content\/uploads\/Quentin-AVENIN.png\" alt=\"\">\r\n    <div class=\"info\">\r\n      <p class=\"name\">Quentin AVENIN<\/p>\r\n      <p class=\"role\">Responsable CQM+<\/p>\r\n      <p class=\"email\">qavenin@cqmplus.com<\/p>\r\n      <p class=\"tel\">T\u00e9l : 03 91 80 02 37<\/p>\r\n    <\/div>\r\n  <\/div>\r\n\r\n  <div class=\"member\">\r\n    <img decoding=\"async\" src=\"https:\/\/www.cqmplus.com\/wp-content\/uploads\/Thomas-MARTEL.png\" alt=\"\">\r\n    <div class=\"info\">\r\n      <p class=\"name\">Thomas MARTEL<\/p>\r\n      <p class=\"role\">Responsable M\u00e9trologie<\/p>\r\n      <p class=\"email\">tmartel@cqmplus.com<\/p>\r\n      <p class=\"tel\">T\u00e9l : 03 91 80 02 32<\/p>\r\n    <\/div>\r\n  <\/div>\r\n\r\n<\/div>\r\n\r\n<\/body>\r\n<\/html>\r\n\t\t\t\t<\/div>\n\t\t\t\t\t<\/div>\n\t\t<\/div>\n\t\t\t\t\t<\/div>\n\t\t<\/section>\n\t\t\t\t<section class=\"elementor-section elementor-top-section elementor-element elementor-element-32b54273 elementor-section-boxed elementor-section-height-default elementor-section-height-default\" data-id=\"32b54273\" data-element_type=\"section\">\n\t\t\t\t\t\t<div class=\"elementor-container elementor-column-gap-no\">\n\t\t\t\t\t<div class=\"elementor-column elementor-col-50 elementor-top-column elementor-element elementor-element-678f3fe0\" data-id=\"678f3fe0\" data-element_type=\"column\">\n\t\t\t<div class=\"elementor-widget-wrap elementor-element-populated\">\n\t\t\t\t\t\t<div class=\"elementor-element elementor-element-761e4ea elementor-widget elementor-widget-image\" data-id=\"761e4ea\" data-element_type=\"widget\" data-widget_type=\"image.default\">\n\t\t\t\t\t\t\t\t\t\t\t\t\t\t\t<img decoding=\"async\" src=\"https:\/\/www.cqmplus.com\/wp-content\/uploads\/elementor\/thumbs\/Gemini_Generated_Image_5ip7sa5ip7sa5ip7-rdmsuppx0hxuzysp8eprdwk1yoc9wqlzd1vaxw0mge.png\" title=\"Gemini_Generated_Image_5ip7sa5ip7sa5ip7\" alt=\"Gemini_Generated_Image_5ip7sa5ip7sa5ip7\" loading=\"lazy\" \/>\t\t\t\t\t\t\t\t\t\t\t\t\t\t\t<\/div>\n\t\t\t\t\t<\/div>\n\t\t<\/div>\n\t\t\t\t<div class=\"elementor-column elementor-col-50 elementor-top-column elementor-element elementor-element-29744981\" data-id=\"29744981\" data-element_type=\"column\">\n\t\t\t<div class=\"elementor-widget-wrap elementor-element-populated\">\n\t\t\t\t\t\t<div class=\"elementor-element elementor-element-228e0662 elementor-widget elementor-widget-heading\" data-id=\"228e0662\" data-element_type=\"widget\" data-widget_type=\"heading.default\">\n\t\t\t\t\t<h2 class=\"elementor-heading-title elementor-size-default\">Besoin d\u2019un renseignement ?<\/h2>\t\t\t\t<\/div>\n\t\t\t\t<div class=\"elementor-element elementor-element-6633822b elementor-widget elementor-widget-text-editor\" data-id=\"6633822b\" data-element_type=\"widget\" data-widget_type=\"text-editor.default\">\n\t\t\t\t\t\t\t\t\t<p>Remplissez ce formulaire, notre \u00e9quipe commerciale vous recontactera dans les plus brefs d\u00e9lais !<br \/>Ou contactez-nous \u00e0 l\u2019adresse <span style=\"color: #e75518;\">contact@cqmplus.fr.<\/span><\/p>\t\t\t\t\t\t\t\t<\/div>\n\t\t\t\t<div class=\"elementor-element elementor-element-6ffd68e1 elementor-button-align-stretch elementor-widget elementor-widget-form\" data-id=\"6ffd68e1\" data-element_type=\"widget\" data-settings=\"{&quot;button_width&quot;:&quot;30&quot;,&quot;step_next_label&quot;:&quot;Suivant&quot;,&quot;step_previous_label&quot;:&quot;Pr\\u00e9c\\u00e9dent&quot;,&quot;step_type&quot;:&quot;number_text&quot;,&quot;step_icon_shape&quot;:&quot;circle&quot;}\" data-widget_type=\"form.default\">\n\t\t\t\t\t\t\t<form class=\"elementor-form\" method=\"post\" name=\"Nouveau formulaire\" aria-label=\"Nouveau formulaire\">\n\t\t\t<input type=\"hidden\" name=\"post_id\" value=\"1362\"\/>\n\t\t\t<input type=\"hidden\" name=\"form_id\" value=\"6ffd68e1\"\/>\n\t\t\t<input type=\"hidden\" name=\"referer_title\" value=\"Contact\" \/>\n\n\t\t\t\t\t\t\t<input type=\"hidden\" name=\"queried_id\" value=\"1362\"\/>\n\t\t\t\n\t\t\t<div class=\"elementor-form-fields-wrapper elementor-labels-above\">\n\t\t\t\t\t\t\t\t<div class=\"elementor-field-type-text elementor-field-group elementor-column elementor-field-group-name elementor-col-50 elementor-field-required elementor-mark-required\">\n\t\t\t\t\t\t\t\t\t\t\t\t\t<input size=\"1\" type=\"text\" name=\"form_fields[name]\" id=\"form-field-name\" class=\"elementor-field elementor-size-sm  elementor-field-textual\" placeholder=\"Nom\" required=\"required\">\n\t\t\t\t\t\t\t\t\t\t\t<\/div>\n\t\t\t\t\t\t\t\t<div class=\"elementor-field-type-email elementor-field-group elementor-column elementor-field-group-field_05f8aca elementor-col-50 elementor-field-required elementor-mark-required\">\n\t\t\t\t\t\t\t\t\t\t\t\t\t<input size=\"1\" type=\"email\" name=\"form_fields[field_05f8aca]\" id=\"form-field-field_05f8aca\" class=\"elementor-field elementor-size-sm  elementor-field-textual\" placeholder=\"E-mail\" required=\"required\">\n\t\t\t\t\t\t\t\t\t\t\t<\/div>\n\t\t\t\t\t\t\t\t<div class=\"elementor-field-type-text elementor-field-group elementor-column elementor-field-group-field_a3d48f1 elementor-col-50 elementor-field-required elementor-mark-required\">\n\t\t\t\t\t\t\t\t\t\t\t\t\t<input size=\"1\" type=\"text\" name=\"form_fields[field_a3d48f1]\" id=\"form-field-field_a3d48f1\" class=\"elementor-field elementor-size-sm  elementor-field-textual\" placeholder=\"Pr\u00e9nom\" required=\"required\">\n\t\t\t\t\t\t\t\t\t\t\t<\/div>\n\t\t\t\t\t\t\t\t<div class=\"elementor-field-type-tel elementor-field-group elementor-column elementor-field-group-field_009b965 elementor-col-50\">\n\t\t\t\t\t\t\t<input size=\"1\" type=\"tel\" name=\"form_fields[field_009b965]\" id=\"form-field-field_009b965\" class=\"elementor-field elementor-size-sm  elementor-field-textual\" placeholder=\"T\u00e9l\u00e9phone\" pattern=\"[0-9()#&amp;+*-=.]+\" title=\"Seuls les caract\u00e8res de num\u00e9ros de t\u00e9l\u00e9phone (#, -, *, etc.) sont accept\u00e9s.\">\n\n\t\t\t\t\t\t<\/div>\n\t\t\t\t\t\t\t\t<div class=\"elementor-field-type-text elementor-field-group elementor-column elementor-field-group-field_2a20864 elementor-col-50 elementor-field-required elementor-mark-required\">\n\t\t\t\t\t\t\t\t\t\t\t\t\t<input size=\"1\" type=\"text\" name=\"form_fields[field_2a20864]\" id=\"form-field-field_2a20864\" class=\"elementor-field elementor-size-sm  elementor-field-textual\" placeholder=\"Soci\u00e9t\u00e9 \" required=\"required\">\n\t\t\t\t\t\t\t\t\t\t\t<\/div>\n\t\t\t\t\t\t\t\t<div class=\"elementor-field-type-textarea elementor-field-group elementor-column elementor-field-group-message elementor-col-100\">\n\t\t\t\t\t<textarea class=\"elementor-field-textual elementor-field  elementor-size-sm\" name=\"form_fields[message]\" id=\"form-field-message\" rows=\"4\" placeholder=\"Message\"><\/textarea>\t\t\t\t<\/div>\n\t\t\t\t\t\t\t\t<div class=\"elementor-field-group elementor-column elementor-field-type-submit elementor-col-30 e-form__buttons\">\n\t\t\t\t\t<button class=\"elementor-button elementor-size-sm\" type=\"submit\">\n\t\t\t\t\t\t<span class=\"elementor-button-content-wrapper\">\n\t\t\t\t\t\t\t\t\t\t\t\t\t\t\t\t\t\t\t\t\t\t<span class=\"elementor-button-text\">Envoyer<\/span>\n\t\t\t\t\t\t\t\t\t\t\t\t\t<\/span>\n\t\t\t\t\t<\/button>\n\t\t\t\t<\/div>\n\t\t\t<\/div>\n\t\t<\/form>\n\t\t\t\t\t\t<\/div>\n\t\t\t\t\t<\/div>\n\t\t<\/div>\n\t\t\t\t\t<\/div>\n\t\t<\/section>\n\t\t<div class=\"elementor-element elementor-element-8e3af09 e-flex e-con-boxed e-con e-parent\" data-id=\"8e3af09\" data-element_type=\"container\">\n\t\t\t\t\t<div class=\"e-con-inner\">\n\t\t\t\t\t<\/div>\n\t\t\t\t<\/div>\n\t\t\t\t<\/div>\n\t\t","protected":false},"excerpt":{"rendered":"<p>Nous contacter Notre \u00e9quipe d\u2019experts \u00c9quipe Quentin AVENIN Responsable CQM+ qavenin@cqmplus.com T\u00e9l : 03 91 80 02 37 Thomas MARTEL Responsable M\u00e9trologie tmartel@cqmplus.com T\u00e9l : 03 91 80 02 32 Besoin d\u2019un renseignement ? Remplissez ce formulaire, notre \u00e9quipe commerciale vous recontactera dans les plus brefs d\u00e9lais !Ou contactez-nous \u00e0 l\u2019adresse contact@cqmplus.fr.<\/p>\n","protected":false},"author":3,"featured_media":0,"parent":0,"menu_order":0,"comment_status":"closed","ping_status":"closed","template":"elementor_header_footer","meta":{"footnotes":""},"class_list":["post-1362","page","type-page","status-publish","hentry"],"jetpack_sharing_enabled":true,"_links":{"self":[{"href":"https:\/\/www.cqmplus.com\/index.php\/wp-json\/wp\/v2\/pages\/1362","targetHints":{"allow":["GET"]}}],"collection":[{"href":"https:\/\/www.cqmplus.com\/index.php\/wp-json\/wp\/v2\/pages"}],"about":[{"href":"https:\/\/www.cqmplus.com\/index.php\/wp-json\/wp\/v2\/types\/page"}],"author":[{"embeddable":true,"href":"https:\/\/www.cqmplus.com\/index.php\/wp-json\/wp\/v2\/users\/3"}],"replies":[{"embeddable":true,"href":"https:\/\/www.cqmplus.com\/index.php\/wp-json\/wp\/v2\/comments?post=1362"}],"version-history":[{"count":64,"href":"https:\/\/www.cqmplus.com\/index.php\/wp-json\/wp\/v2\/pages\/1362\/revisions"}],"predecessor-version":[{"id":2797,"href":"https:\/\/www.cqmplus.com\/index.php\/wp-json\/wp\/v2\/pages\/1362\/revisions\/2797"}],"wp:attachment":[{"href":"https:\/\/www.cqmplus.com\/index.php\/wp-json\/wp\/v2\/media?parent=1362"}],"curies":[{"name":"wp","href":"https:\/\/api.w.org\/{rel}","templated":true}]}}